{"id":6540,"date":"2025-05-10T18:07:16","date_gmt":"2025-05-10T16:07:18","guid":{"rendered":"https:\/\/www.operaskis.com\/?post_type=product&#038;p=6540"},"modified":"2025-05-10T18:54:15","modified_gmt":"2025-05-10T16:54:15","slug":"race-ski-24m-copia-copia","status":"publish","type":"product","link":"https:\/\/www.operaskis.com\/en\/prodotto\/race-ski-24m-copia-copia\/","title":{"rendered":"Order for Art Instructor Ski 177 cm 22m"},"content":{"rendered":"<div class=\" work-slides-container thb-images-container\" data-count=\"3\">\n<div class=\"slide thb-image-wrapper \"><img loading=\"lazy\" decoding=\"async\" class=\"aligncenter size-large wp-image-5311\" src=\"https:\/\/www.operaskis.com\/web\/wp-content\/uploads\/2021\/07\/specifiche-32-930x155.jpg\" alt=\"\" width=\"930\" height=\"155\" srcset=\"https:\/\/www.operaskis.com\/web\/wp-content\/uploads\/2021\/07\/specifiche-32-930x155.jpg 930w, https:\/\/www.operaskis.com\/web\/wp-content\/uploads\/2021\/07\/specifiche-32-1500x250.jpg 1500w, https:\/\/www.operaskis.com\/web\/wp-content\/uploads\/2021\/07\/specifiche-32-610x102.jpg 610w, https:\/\/www.operaskis.com\/web\/wp-content\/uploads\/2021\/07\/specifiche-32-768x128.jpg 768w, https:\/\/www.operaskis.com\/web\/wp-content\/uploads\/2021\/07\/specifiche-32-1536x256.jpg 1536w, https:\/\/www.operaskis.com\/web\/wp-content\/uploads\/2021\/07\/specifiche-32-2048x342.jpg 2048w, https:\/\/www.operaskis.com\/web\/wp-content\/uploads\/2021\/07\/specifiche-32-899x150.jpg 899w, https:\/\/www.operaskis.com\/web\/wp-content\/uploads\/2021\/07\/specifiche-32-1600x267.jpg 1600w, https:\/\/www.operaskis.com\/web\/wp-content\/uploads\/2021\/07\/specifiche-32-400x67.jpg 400w, https:\/\/www.operaskis.com\/web\/wp-content\/uploads\/2021\/07\/specifiche-32-300x50.jpg 300w\" sizes=\"auto, (max-width: 930px) 100vw, 930px\" \/> <img loading=\"lazy\" decoding=\"async\" class=\"aligncenter size-large wp-image-5318\" src=\"https:\/\/www.operaskis.com\/web\/wp-content\/uploads\/2021\/07\/specifiche-33-930x155.jpg\" alt=\"\" width=\"930\" height=\"155\" srcset=\"https:\/\/www.operaskis.com\/web\/wp-content\/uploads\/2021\/07\/specifiche-33-930x155.jpg 930w, https:\/\/www.operaskis.com\/web\/wp-content\/uploads\/2021\/07\/specifiche-33-1500x250.jpg 1500w, https:\/\/www.operaskis.com\/web\/wp-content\/uploads\/2021\/07\/specifiche-33-610x102.jpg 610w, https:\/\/www.operaskis.com\/web\/wp-content\/uploads\/2021\/07\/specifiche-33-768x128.jpg 768w, https:\/\/www.operaskis.com\/web\/wp-content\/uploads\/2021\/07\/specifiche-33-1536x256.jpg 1536w, https:\/\/www.operaskis.com\/web\/wp-content\/uploads\/2021\/07\/specifiche-33-2048x342.jpg 2048w, https:\/\/www.operaskis.com\/web\/wp-content\/uploads\/2021\/07\/specifiche-33-898x150.jpg 898w, https:\/\/www.operaskis.com\/web\/wp-content\/uploads\/2021\/07\/specifiche-33-1600x267.jpg 1600w, https:\/\/www.operaskis.com\/web\/wp-content\/uploads\/2021\/07\/specifiche-33-400x67.jpg 400w, https:\/\/www.operaskis.com\/web\/wp-content\/uploads\/2021\/07\/specifiche-33-300x50.jpg 300w\" sizes=\"auto, (max-width: 930px) 100vw, 930px\" \/><\/div>\n<div class=\"slide thb-image-wrapper \"><\/div>\n<\/div>\n<div class=\"single-work-secondary-data\">\n<div class=\"thb-text entry-content\">\n<table class=\"skidesc\">\n<tbody>\n<tr class=\"firstrow\">\n<td>Construction<\/td>\n<td>RACE<\/td>\n<\/tr>\n<tr>\n<td>Woodcore<\/td>\n<td>Race &#8211; ash and beech<\/td>\n<\/tr>\n<tr>\n<td>Fibers<\/td>\n<td>Triaxial<\/td>\n<\/tr>\n<tr>\n<td>Reinforcements<\/td>\n<td>Titanal and flax fibers<\/td>\n<\/tr>\n<tr>\n<td>Base<\/td>\n<td>Nano graphite &#8211; Race treatment<\/td>\n<\/tr>\n<tr>\n<td>Sidewall<\/td>\n<td>Bamboo ply<\/td>\n<\/tr>\n<\/tbody>\n<\/table>\n<p>&nbsp;<\/p>\n<table class=\"skidata\">\n<tbody>\n<tr class=\"firstrow\">\n<td>Length<br \/>\n(cm)<\/td>\n<td>Center width (mm)<\/td>\n<td>Tip width<br \/>\n(mm)<\/td>\n<td>Tail width(mm)<\/td>\n<td>Radius<br \/>\n(m)<\/td>\n<\/tr>\n<tr>\n<td>177<\/td>\n<td>65<\/td>\n<td>101<\/td>\n<td>86<\/td>\n<td>22<\/td>\n<\/tr>\n<\/tbody>\n<\/table>\n<p>&nbsp;<\/p>\n<\/div>\n<p>&nbsp;<\/p>\n<\/div>\n","protected":false},"excerpt":{"rendered":"<h2><b>Made to order<\/b><\/h2>\n<p>the skis ll be shipped in 10 weeks and produced in you desired woodevolution\u2122 top finish<\/p>\n<p>&nbsp;<\/p>\n<p>&nbsp;<\/p>\n<h2>24m Long Truning Radius Skis<\/h2>\n<p>&nbsp;<\/p>\n<p>Race 24mt are high performing long turning radius skis, suitable for competitions. Manufactured combining the best materials and designed to reach the perfect harmony of <strong>flexibility, reactivity, torsion, precision<\/strong> and vibration dampening. Their flat race base gets treated and polished following the best strategies coming straight from worldcup competitions.<\/p>\n<p>The <strong>radius of 24 meters<\/strong> consists of <em>2 different sections <\/em>that have been designed to provide <strong>easier curve setup and speed control,<\/strong> and to accelerate towards the final phase of the curves. These competiotion skis are suitable for both master and amateur athletes.<\/p>\n","protected":false},"featured_media":6212,"template":"","meta":[],"product_brand":[],"product_cat":[139,247],"product_tag":[],"class_list":{"0":"post-6540","1":"product","2":"type-product","3":"status-publish","4":"has-post-thumbnail","6":"product_cat-resort-collection","7":"product_cat-race-en","8":"wcpa_has_options","10":"first","11":"instock","12":"sold-individually","13":"taxable","14":"shipping-taxable","15":"purchasable","16":"product-type-variable"},"wcpa_form_fields":{"rules":{"pric_overide_base_price":false,"pric_overide_base_price_if_gt_zero":false,"pric_overide_base_price_fully":false,"pric_cal_option_once":false,"pric_use_as_fee":false,"bind_quantity":false,"quantity_bind_formula":false},"fields":[{"type":"checkbox-group","elementId":"wcpa-checkbox-group-1603703364654","label":"HIGH PERFORMANCE PLY BAMBOO SIDEWALLS","enablePrice":true,"priceOptions":"different_for_all","pricingType":"fixed","name":"checkbox-group-1603703364654","other_text":"Other","cl_rule":"show","col":6,"values":[{"label":"AGGIUNGI","value":"PERSONALIZZA-SI","price":"240","pimage":"","pimage_id":"","pthumb":""}],"relations":false,"form_id":6101,"form_rules":{"pric_cal_option_once":false,"exclude_from_discount":false,"pric_use_as_fee":false,"fee_label":"Fee","render_after_acb":false,"disp_hide_options_price":false}},{"type":"paragraph","subtype":"p","label":"Spuntando questa casella potrai avere i  fianchettii degli  sci nella costruzione Bamboo ply. Un sandwich di bamboo e polietilene riciclato che aumenta la pressione su tutto l arco delle lamine. \nLo sci diventa pi\u00f9 tecnico e preciso consuma sensibilit\u00e0 superiore fase di ingresso ed uscita di curva;  pi\u00f9 impegnativo ma incredibilmente performante.\nRicorda che questa costruzione potrebbe non essere disponibile, in tal caso richiedi i tempi di consegna.\n","elementId":"wcpa-paragraph-1603703508317","pricingType":"fixed","cl_rule":"show","col":6,"relations":false,"form_id":6101,"form_rules":{"pric_cal_option_once":false,"exclude_from_discount":false,"pric_use_as_fee":false,"fee_label":"Fee","render_after_acb":false,"disp_hide_options_price":false}},{"type":"select","elementId":"wcpa-select-5f982e5521213","label":"Choose your bindings","enablePrice":true,"priceOptions":"different_for_all","pricingType":"fixed","className":"form-control","name":"select-5f982e5521224","cl_rule":"show","col":6,"values":[{"label":"skis only","value":"skis only","price":"","pimage":"","pimage_id":"","pthumb":""},{"label":"Marker Race xcomp 12 GW  + World Cup PC interface ","value":"Marker Race xcomp 12 GW  + World Cup PC interface ","price":"429","pimage":"","pimage_id":"","pthumb":""},{"label":"Marker Race xcomp 16 GW  + World Cup PC interface ","value":"Marker Race xcomp 16 GW  + World Cup PC interface ","price":"499","pimage":"","pimage_id":"","pthumb":""}],"relations":false,"form_id":5308,"form_rules":{"pric_cal_option_once":false,"exclude_from_discount":false,"pric_use_as_fee":false,"fee_label":"Fee","render_after_acb":false,"disp_hide_options_price":false}},{"type":"number","elementId":"wcpa-number-5f982e5521233","label":"Insert your ski boots length","pricingType":"fixed","className":"form-control","name":"number-5f982e5521242","cl_rule":"show","col":6,"relations":false,"form_id":5308,"form_rules":{"pric_cal_option_once":false,"exclude_from_discount":false,"pric_use_as_fee":false,"fee_label":"Fee","render_after_acb":false,"disp_hide_options_price":false}},{"type":"checkbox-group","elementId":"wcpa-checkbox-group-1603703364654","label":"LASER CUSTOMIZATION","enablePrice":true,"priceOptions":"different_for_all","pricingType":"fixed","name":"checkbox-group-1603703364654","other_text":"Other","cl_rule":"show","col":6,"values":[{"label":"ADD","value":"PERSONALIZZA-SI","price":"120","pimage":"","pimage_id":"","pthumb":""}],"relations":false,"form_id":3827,"form_rules":{"pric_cal_option_once":false,"exclude_from_discount":false,"pric_use_as_fee":false,"fee_label":"Fee","render_after_acb":false,"disp_hide_options_price":false}},{"type":"paragraph","subtype":"p","label":"By checking this box you can add the laser customization to the skis you are purchasing. Download and fill in <a href=\"https:\/\/www.operaskis.com\/web\/wp-content\/uploads\/2020\/07\/Operaskis-customization-request.pdf\">customisation form<\/a>. You can find some examples at the <a href=\"https:\/\/operaskis.com\/web\/en\/customization\/\">customization page.<\/a>\nRemember that customization will increase delivery times by 1\/2 days.","elementId":"wcpa-paragraph-1603703508317","pricingType":"fixed","cl_rule":"show","col":6,"relations":false,"form_id":3827,"form_rules":{"pric_cal_option_once":false,"exclude_from_discount":false,"pric_use_as_fee":false,"fee_label":"Fee","render_after_acb":false,"disp_hide_options_price":false}}]},"_links":{"self":[{"href":"https:\/\/www.operaskis.com\/en\/wp-json\/wp\/v2\/product\/6540","targetHints":{"allow":["GET"]}}],"collection":[{"href":"https:\/\/www.operaskis.com\/en\/wp-json\/wp\/v2\/product"}],"about":[{"href":"https:\/\/www.operaskis.com\/en\/wp-json\/wp\/v2\/types\/product"}],"wp:featuredmedia":[{"embeddable":true,"href":"https:\/\/www.operaskis.com\/en\/wp-json\/wp\/v2\/media\/6212"}],"wp:attachment":[{"href":"https:\/\/www.operaskis.com\/en\/wp-json\/wp\/v2\/media?parent=6540"}],"wp:term":[{"taxonomy":"product_brand","embeddable":true,"href":"https:\/\/www.operaskis.com\/en\/wp-json\/wp\/v2\/product_brand?post=6540"},{"taxonomy":"product_cat","embeddable":true,"href":"https:\/\/www.operaskis.com\/en\/wp-json\/wp\/v2\/product_cat?post=6540"},{"taxonomy":"product_tag","embeddable":true,"href":"https:\/\/www.operaskis.com\/en\/wp-json\/wp\/v2\/product_tag?post=6540"}],"curies":[{"name":"wp","href":"https:\/\/api.w.org\/{rel}","templated":true}]}}